{"id":7124,"date":"2026-04-21T08:01:17","date_gmt":"2026-04-21T08:01:17","guid":{"rendered":"https:\/\/avacysolution.com\/?page_id=7124"},"modified":"2026-04-21T08:07:26","modified_gmt":"2026-04-21T08:07:26","slug":"grazie-del-feedback","status":"publish","type":"page","link":"https:\/\/avacysolution.com\/en\/grazie-del-feedback\/","title":{"rendered":"Grazie"},"content":{"rendered":"<div data-elementor-type=\"wp-page\" data-elementor-id=\"7124\" class=\"elementor elementor-7124\" data-elementor-post-type=\"page\">\n\t\t\t\t<section class=\"elementor-element elementor-element-9491a8a e-flex e-con-boxed e-con e-parent\" data-id=\"9491a8a\" data-element_type=\"container\" data-e-type=\"container\">\n\t\t\t\t\t<div class=\"e-con-inner\">\n\t\t<div class=\"elementor-element elementor-element-131f6de e-con-full e-flex e-con e-child\" data-id=\"131f6de\" data-element_type=\"container\" data-e-type=\"container\">\n\t\t\t\t<div class=\"elementor-element elementor-element-8171de0 elementor-widget elementor-widget-heading\" data-id=\"8171de0\" data-element_type=\"widget\" data-e-type=\"widget\" data-settings=\"{&quot;_animation&quot;:&quot;none&quot;}\" data-widget_type=\"heading.default\">\n\t\t\t\t<div class=\"elementor-widget-container\">\n\t\t\t\t\t<h1 class=\"elementor-heading-title elementor-size-default\">Grazie del feedback!<\/h1>\t\t\t\t<\/div>\n\t\t\t\t<\/div>\n\t\t\t\t<div class=\"elementor-element elementor-element-6f33600 elementor-widget elementor-widget-heading\" data-id=\"6f33600\" data-element_type=\"widget\" data-e-type=\"widget\" data-settings=\"{&quot;_animation&quot;:&quot;none&quot;}\" data-widget_type=\"heading.default\">\n\t\t\t\t<div class=\"elementor-widget-container\">\n\t\t\t\t\t<span class=\"elementor-heading-title elementor-size-default\">Il tuo feedback \u00e8 prezioso per aiutarci a rendere la compliance sempre pi\u00f9 semplice e accessibile. Scopri le ultime novit\u00e0 e le nostre guide aggiornate sul sito ufficiale.<\/span>\t\t\t\t<\/div>\n\t\t\t\t<\/div>\n\t\t<div class=\"elementor-element elementor-element-afa8ca0 e-con-full e-flex e-con e-child\" data-id=\"afa8ca0\" data-element_type=\"container\" data-e-type=\"container\">\n\t\t\t\t<div class=\"elementor-element elementor-element-0f55e43 elementor-mobile-align-center elementor-align-center elementor-widget elementor-widget-button\" data-id=\"0f55e43\" data-element_type=\"widget\" data-e-type=\"widget\" data-settings=\"{&quot;_animation&quot;:&quot;none&quot;}\" data-widget_type=\"button.default\">\n\t\t\t\t<div class=\"elementor-widget-container\">\n\t\t\t\t\t\t\t\t\t<div class=\"elementor-button-wrapper\">\n\t\t\t\t\t<a class=\"elementor-button elementor-button-link elementor-size-sm\" href=\"\/en\/blog\/\">\n\t\t\t\t\t\t<span class=\"elementor-button-content-wrapper\">\n\t\t\t\t\t\t\t\t\t<span class=\"elementor-button-text\">Scopri il nostro blog<\/span>\n\t\t\t\t\t<\/span>\n\t\t\t\t\t<\/a>\n\t\t\t\t<\/div>\n\t\t\t\t\t\t\t\t<\/div>\n\t\t\t\t<\/div>\n\t\t\t\t<div class=\"elementor-element elementor-element-6727a81 elementor-mobile-align-center elementor-align-center elementor-widget elementor-widget-button\" data-id=\"6727a81\" data-element_type=\"widget\" data-e-type=\"widget\" data-settings=\"{&quot;_animation&quot;:&quot;none&quot;}\" data-widget_type=\"button.default\">\n\t\t\t\t<div class=\"elementor-widget-container\">\n\t\t\t\t\t\t\t\t\t<div class=\"elementor-button-wrapper\">\n\t\t\t\t\t<a class=\"elementor-button elementor-button-link elementor-size-sm\" href=\"\/en\/\">\n\t\t\t\t\t\t<span class=\"elementor-button-content-wrapper\">\n\t\t\t\t\t\t\t\t\t<span class=\"elementor-button-text\">Esplora il sito<\/span>\n\t\t\t\t\t<\/span>\n\t\t\t\t\t<\/a>\n\t\t\t\t<\/div>\n\t\t\t\t\t\t\t\t<\/div>\n\t\t\t\t<\/div>\n\t\t\t\t<\/div>\n\t\t\t\t<\/div>\n\t\t\t\t\t<\/div>\n\t\t\t\t<\/section>\n\t\t\t\t<\/div>","protected":false},"excerpt":{"rendered":"<p>Grazie del feedback! Il tuo feedback \u00e8 prezioso per aiutarci a rendere la compliance sempre pi\u00f9 semplice e accessibile. Scopri le ultime novit\u00e0 e le nostre guide aggiornate sul sito ufficiale. Scopri il nostro blog Esplora il sito<\/p>","protected":false},"author":2,"featured_media":0,"parent":0,"menu_order":0,"comment_status":"closed","ping_status":"closed","template":"","meta":{"_acf_changed":false,"footnotes":""},"class_list":["post-7124","page","type-page","status-publish","hentry"],"acf":[],"_links":{"self":[{"href":"https:\/\/avacysolution.com\/en\/wp-json\/wp\/v2\/pages\/7124","targetHints":{"allow":["GET"]}}],"collection":[{"href":"https:\/\/avacysolution.com\/en\/wp-json\/wp\/v2\/pages"}],"about":[{"href":"https:\/\/avacysolution.com\/en\/wp-json\/wp\/v2\/types\/page"}],"author":[{"embeddable":true,"href":"https:\/\/avacysolution.com\/en\/wp-json\/wp\/v2\/users\/2"}],"replies":[{"embeddable":true,"href":"https:\/\/avacysolution.com\/en\/wp-json\/wp\/v2\/comments?post=7124"}],"version-history":[{"count":5,"href":"https:\/\/avacysolution.com\/en\/wp-json\/wp\/v2\/pages\/7124\/revisions"}],"predecessor-version":[{"id":7130,"href":"https:\/\/avacysolution.com\/en\/wp-json\/wp\/v2\/pages\/7124\/revisions\/7130"}],"wp:attachment":[{"href":"https:\/\/avacysolution.com\/en\/wp-json\/wp\/v2\/media?parent=7124"}],"curies":[{"name":"wp","href":"https:\/\/api.w.org\/{rel}","templated":true}]}}